{"id":568,"date":"2025-04-08T14:36:34","date_gmt":"2025-04-08T14:36:34","guid":{"rendered":"https:\/\/sanatoriofueguino.com\/clinica\/?page_id=568"},"modified":"2025-04-09T15:21:38","modified_gmt":"2025-04-09T15:21:38","slug":"ecografo","status":"publish","type":"page","link":"https:\/\/sanatoriofueguino.com\/clinica\/ecografo\/","title":{"rendered":"Ec\u00f3grafo"},"content":{"rendered":"\t\t<div data-elementor-type=\"wp-page\" data-elementor-id=\"568\" class=\"elementor elementor-568\" data-elementor-post-type=\"page\">\n\t\t\t\t<div class=\"elementor-element elementor-element-a4b3c4f e-flex e-con-boxed e-con e-parent\" data-id=\"a4b3c4f\" data-element_type=\"container\" data-e-type=\"container\">\n\t\t\t\t\t<div class=\"e-con-inner\">\n\t\t\t\t<div class=\"elementor-element elementor-element-c7cbd3b elementor-widget elementor-widget-text-editor\" data-id=\"c7cbd3b\" data-element_type=\"widget\" data-e-type=\"widget\" data-widget_type=\"text-editor.default\">\n\t\t\t\t<div class=\"elementor-widget-container\">\n\t\t\t\t\t\t\t\t\t<h3 data-start=\"109\" data-end=\"143\"><strong data-start=\"113\" data-end=\"143\">Ec\u00f3grafo Esaote MyLab\u2122 X75<\/strong><\/h3><div><strong data-start=\"113\" data-end=\"143\">\u00a0<\/strong><\/div><p>\u00a0<\/p><p data-start=\"145\" data-end=\"404\">El <strong data-start=\"148\" data-end=\"169\">Esaote MyLab\u2122 X75<\/strong> es un ec\u00f3grafo de alta gama dise\u00f1ado para brindar im\u00e1genes precisas y detalladas en una amplia variedad de aplicaciones cl\u00ednicas. Su tecnolog\u00eda avanzada permite un diagn\u00f3stico confiable, r\u00e1pido y con una experiencia de usuario fluida.<\/p><h3 data-start=\"109\" data-end=\"143\"><img fetchpriority=\"high\" decoding=\"async\" class=\"alignnone size-full wp-image-600\" src=\"https:\/\/sanatoriofueguino.com\/clinica\/wp-content\/uploads\/2025\/04\/mylab-x75-overview-1-1.jpg\" alt=\"\" width=\"500\" height=\"375\" srcset=\"https:\/\/sanatoriofueguino.com\/clinica\/wp-content\/uploads\/2025\/04\/mylab-x75-overview-1-1.jpg 500w, https:\/\/sanatoriofueguino.com\/clinica\/wp-content\/uploads\/2025\/04\/mylab-x75-overview-1-1-300x225.jpg 300w\" sizes=\"(max-width: 500px) 100vw, 500px\" \/><\/h3><h4 data-start=\"406\" data-end=\"443\"><strong data-start=\"411\" data-end=\"443\">Caracter\u00edsticas principales:<\/strong><\/h4><ul data-start=\"445\" data-end=\"1305\"><li data-start=\"445\" data-end=\"575\"><p data-start=\"447\" data-end=\"575\"><strong data-start=\"447\" data-end=\"480\">Tecnolog\u00eda de imagen avanzada<\/strong>: Crystal Clear Imaging (CCI) para una visualizaci\u00f3n superior en 2D, Doppler y modos avanzados.<\/p><\/li><li data-start=\"576\" data-end=\"667\"><p data-start=\"578\" data-end=\"667\"><strong data-start=\"578\" data-end=\"602\">Monitor LED de 21,5\u201d<\/strong> full HD y panel t\u00e1ctil de 10,1\u201d para un manejo \u00e1gil e intuitivo.<\/p><\/li><li data-start=\"668\" data-end=\"828\"><p data-start=\"670\" data-end=\"828\"><strong data-start=\"670\" data-end=\"702\">Transductores multiprop\u00f3sito<\/strong>: gran variedad de sondas para estudios abdominales, vasculares, musculoesquel\u00e9ticos, cardiol\u00f3gicos, gineco-obst\u00e9tricos y m\u00e1s.<\/p><\/li><li data-start=\"829\" data-end=\"918\"><p data-start=\"831\" data-end=\"918\"><strong data-start=\"831\" data-end=\"851\">AutoIMT y AutoOB<\/strong>: herramientas autom\u00e1ticas para agilizar mediciones en tiempo real.<\/p><\/li><li data-start=\"919\" data-end=\"987\"><p data-start=\"921\" data-end=\"987\"><strong data-start=\"921\" data-end=\"937\">Elastograf\u00eda<\/strong>: evaluaci\u00f3n no invasiva de la rigidez de tejidos.<\/p><\/li><li data-start=\"988\" data-end=\"1082\"><p data-start=\"990\" data-end=\"1082\"><strong data-start=\"990\" data-end=\"1015\">Tecnolog\u00eda eStreaming<\/strong>: permite compartir im\u00e1genes en vivo para telemedicina o formaci\u00f3n.<\/p><\/li><li data-start=\"1083\" data-end=\"1198\"><p data-start=\"1085\" data-end=\"1198\"><strong data-start=\"1085\" data-end=\"1106\">Dise\u00f1o ergon\u00f3mico<\/strong>: compacto, silencioso y f\u00e1cil de mover, ideal para cl\u00ednicas con alta rotaci\u00f3n de pacientes.<\/p><\/li><li data-start=\"1199\" data-end=\"1305\"><p data-start=\"1201\" data-end=\"1305\"><strong data-start=\"1201\" data-end=\"1234\">Almacenamiento y conectividad<\/strong>: integraci\u00f3n DICOM, USB, grabaci\u00f3n en video y exportaci\u00f3n de informes.<\/p><\/li><\/ul>\t\t\t\t\t\t\t\t<\/div>\n\t\t\t\t<\/div>\n\t\t\t\t<div class=\"elementor-element elementor-element-17b6081 elementor-arrows-position-outside elementor-pagination-position-outside elementor-widget elementor-widget-image-carousel\" data-id=\"17b6081\" data-element_type=\"widget\" data-e-type=\"widget\" data-settings=\"{&quot;navigation&quot;:&quot;both&quot;,&quot;autoplay&quot;:&quot;yes&quot;,&quot;pause_on_hover&quot;:&quot;yes&quot;,&quot;pause_on_interaction&quot;:&quot;yes&quot;,&quot;autoplay_speed&quot;:5000,&quot;infinite&quot;:&quot;yes&quot;,&quot;speed&quot;:500}\" data-widget_type=\"image-carousel.default\">\n\t\t\t\t<div class=\"elementor-widget-container\">\n\t\t\t\t\t\t\t<div class=\"elementor-image-carousel-wrapper swiper\" role=\"region\" aria-roledescription=\"carousel\" aria-label=\"Carrusel de im\u00e1genes\" dir=\"ltr\">\n\t\t\t<div class=\"elementor-image-carousel swiper-wrapper\" aria-live=\"off\">\n\t\t\t\t\t\t\t\t<div class=\"swiper-slide\" role=\"group\" aria-roledescription=\"slide\" aria-label=\"1 of 3\"><figure class=\"swiper-slide-inner\"><img decoding=\"async\" class=\"swiper-slide-image\" src=\"https:\/\/sanatoriofueguino.com\/clinica\/wp-content\/uploads\/2025\/04\/MLX75_1-200x300.png\" alt=\"MLX75_1\" \/><\/figure><\/div><div class=\"swiper-slide\" role=\"group\" aria-roledescription=\"slide\" aria-label=\"2 of 3\"><figure class=\"swiper-slide-inner\"><img decoding=\"async\" class=\"swiper-slide-image\" src=\"https:\/\/sanatoriofueguino.com\/clinica\/wp-content\/uploads\/2025\/04\/4620871-159x300.jpg\" alt=\"4620871\" \/><\/figure><\/div><div class=\"swiper-slide\" role=\"group\" aria-roledescription=\"slide\" aria-label=\"3 of 3\"><figure class=\"swiper-slide-inner\"><img decoding=\"async\" class=\"swiper-slide-image\" src=\"https:\/\/sanatoriofueguino.com\/clinica\/wp-content\/uploads\/2025\/04\/csm_MyLabx9-thumb_05_fd72890a4b-163x300.jpg\" alt=\"csm_MyLabx9-thumb_05_fd72890a4b\" \/><\/figure><\/div>\t\t\t<\/div>\n\t\t\t\t\t\t\t\t\t\t\t\t<div class=\"elementor-swiper-button elementor-swiper-button-prev\" role=\"button\" tabindex=\"0\">\n\t\t\t\t\t\t<svg aria-hidden=\"true\" class=\"e-font-icon-svg e-eicon-chevron-left\" viewBox=\"0 0 1000 1000\" xmlns=\"http:\/\/www.w3.org\/2000\/svg\"><path d=\"M646 125C629 125 613 133 604 142L308 442C296 454 292 471 292 487 292 504 296 521 308 533L604 854C617 867 629 875 646 875 663 875 679 871 692 858 704 846 713 829 713 812 713 796 708 779 692 767L438 487 692 225C700 217 708 204 708 187 708 171 704 154 692 142 675 129 663 125 646 125Z\"><\/path><\/svg>\t\t\t\t\t<\/div>\n\t\t\t\t\t<div class=\"elementor-swiper-button elementor-swiper-button-next\" role=\"button\" tabindex=\"0\">\n\t\t\t\t\t\t<svg aria-hidden=\"true\" class=\"e-font-icon-svg e-eicon-chevron-right\" viewBox=\"0 0 1000 1000\" xmlns=\"http:\/\/www.w3.org\/2000\/svg\"><path d=\"M696 533C708 521 713 504 713 487 713 471 708 454 696 446L400 146C388 133 375 125 354 125 338 125 325 129 313 142 300 154 292 171 292 187 292 204 296 221 308 233L563 492 304 771C292 783 288 800 288 817 288 833 296 850 308 863 321 871 338 875 354 875 371 875 388 867 400 854L696 533Z\"><\/path><\/svg>\t\t\t\t\t<\/div>\n\t\t\t\t\n\t\t\t\t\t\t\t\t\t<div class=\"swiper-pagination\"><\/div>\n\t\t\t\t\t\t\t\t\t<\/div>\n\t\t\t\t\t\t<\/div>\n\t\t\t\t<\/div>\n\t\t\t\t\t<\/div>\n\t\t\t\t<\/div>\n\t\t\t\t<\/div>\n\t\t","protected":false},"excerpt":{"rendered":"<p>Ec\u00f3grafo Esaote MyLab\u2122 X75 \u00a0 \u00a0 El Esaote MyLab\u2122 X75 es un ec\u00f3grafo de alta gama dise\u00f1ado para brindar im\u00e1genes precisas y detalladas en una amplia variedad de aplicaciones cl\u00ednicas. Su tecnolog\u00eda avanzada permite un diagn\u00f3stico confiable, r\u00e1pido y con una experiencia de usuario fluida. Caracter\u00edsticas principales: Tecnolog\u00eda de imagen avanzada: Crystal Clear Imaging (CCI)&#8230;<\/p>\n","protected":false},"author":1,"featured_media":0,"parent":0,"menu_order":0,"comment_status":"closed","ping_status":"closed","template":"","meta":{"_joinchat":[],"footnotes":""},"class_list":["post-568","page","type-page","status-publish","hentry"],"_links":{"self":[{"href":"https:\/\/sanatoriofueguino.com\/clinica\/wp-json\/wp\/v2\/pages\/568","targetHints":{"allow":["GET"]}}],"collection":[{"href":"https:\/\/sanatoriofueguino.com\/clinica\/wp-json\/wp\/v2\/pages"}],"about":[{"href":"https:\/\/sanatoriofueguino.com\/clinica\/wp-json\/wp\/v2\/types\/page"}],"author":[{"embeddable":true,"href":"https:\/\/sanatoriofueguino.com\/clinica\/wp-json\/wp\/v2\/users\/1"}],"replies":[{"embeddable":true,"href":"https:\/\/sanatoriofueguino.com\/clinica\/wp-json\/wp\/v2\/comments?post=568"}],"version-history":[{"count":10,"href":"https:\/\/sanatoriofueguino.com\/clinica\/wp-json\/wp\/v2\/pages\/568\/revisions"}],"predecessor-version":[{"id":615,"href":"https:\/\/sanatoriofueguino.com\/clinica\/wp-json\/wp\/v2\/pages\/568\/revisions\/615"}],"wp:attachment":[{"href":"https:\/\/sanatoriofueguino.com\/clinica\/wp-json\/wp\/v2\/media?parent=568"}],"curies":[{"name":"wp","href":"https:\/\/api.w.org\/{rel}","templated":true}]}}