{"id":548,"date":"2025-04-08T14:34:25","date_gmt":"2025-04-08T14:34:25","guid":{"rendered":"https:\/\/sanatoriofueguino.com\/clinica\/?page_id=548"},"modified":"2025-04-09T15:36:16","modified_gmt":"2025-04-09T15:36:16","slug":"ambulatorio","status":"publish","type":"page","link":"https:\/\/sanatoriofueguino.com\/clinica\/ambulatorio\/","title":{"rendered":"Ambulatorio"},"content":{"rendered":"\t\t<div data-elementor-type=\"wp-page\" data-elementor-id=\"548\" class=\"elementor elementor-548\" data-elementor-post-type=\"page\">\n\t\t\t\t<div class=\"elementor-element elementor-element-4b551dc e-flex e-con-boxed e-con e-parent\" data-id=\"4b551dc\" data-element_type=\"container\" data-e-type=\"container\">\n\t\t\t\t\t<div class=\"e-con-inner\">\n\t\t\t\t<div class=\"elementor-element elementor-element-e87c912 elementor-widget elementor-widget-text-editor\" data-id=\"e87c912\" data-element_type=\"widget\" data-e-type=\"widget\" data-widget_type=\"text-editor.default\">\n\t\t\t\t<div class=\"elementor-widget-container\">\n\t\t\t\t\t\t\t\t\t<h3 data-start=\"281\" data-end=\"308\"><img decoding=\"async\" class=\"emoji\" role=\"img\" draggable=\"false\" src=\"https:\/\/s.w.org\/images\/core\/emoji\/15.0.3\/svg\/1f3e5.svg\" alt=\"\ud83c\udfe5\" \/> Servicio Ambulatorio<\/h3><div>\u00a0<\/div><p class=\"\" data-start=\"310\" data-end=\"464\">El servicio ambulatorio permite realizar estudios, tratamientos y consultas m\u00e9dicas sin necesidad de internaci\u00f3n, en forma r\u00e1pida y segura.<br \/><br \/><\/p><h3 class=\"\" data-start=\"471\" data-end=\"491\"><img decoding=\"async\" class=\"emoji\" role=\"img\" draggable=\"false\" src=\"https:\/\/s.w.org\/images\/core\/emoji\/15.0.3\/svg\/1f4cb.svg\" alt=\"\ud83d\udccb\" \/> \u00bfQu\u00e9 incluye?<\/h3><ul data-start=\"493\" data-end=\"698\"><li class=\"\" data-start=\"493\" data-end=\"526\"><p class=\"\" data-start=\"495\" data-end=\"526\">Consultas m\u00e9dicas programadas<\/p><\/li><li class=\"\" data-start=\"527\" data-end=\"563\"><p class=\"\" data-start=\"529\" data-end=\"563\">Laboratorio de an\u00e1lisis cl\u00ednicos<\/p><\/li><li class=\"\" data-start=\"564\" data-end=\"575\"><p class=\"\" data-start=\"566\" data-end=\"575\">Rayos X<\/p><\/li><li class=\"\" data-start=\"576\" data-end=\"590\"><p class=\"\" data-start=\"578\" data-end=\"590\">Ecograf\u00edas<\/p><\/li><li class=\"\" data-start=\"591\" data-end=\"606\"><p class=\"\" data-start=\"593\" data-end=\"606\">Mamograf\u00edas<\/p><\/li><li class=\"\" data-start=\"607\" data-end=\"630\"><p class=\"\" data-start=\"609\" data-end=\"630\">Electrocardiogramas<\/p><\/li><li class=\"\" data-start=\"631\" data-end=\"660\"><p class=\"\" data-start=\"633\" data-end=\"660\">Control de signos vitales<\/p><\/li><li class=\"\" data-start=\"661\" data-end=\"698\"><p class=\"\" data-start=\"663\" data-end=\"698\">Curaciones y procedimientos menores<br \/><br \/><\/p><\/li><\/ul><h3><img decoding=\"async\" class=\"emoji\" role=\"img\" draggable=\"false\" src=\"https:\/\/s.w.org\/images\/core\/emoji\/15.0.3\/svg\/1f504.svg\" alt=\"\ud83d\udd04\" \/> \u00bfC\u00f3mo es el proceso?<\/h3><ol data-start=\"628\" data-end=\"1135\"><li class=\"\" data-start=\"628\" data-end=\"747\"><p class=\"\" data-start=\"631\" data-end=\"747\"><strong data-start=\"631\" data-end=\"652\">Solicit\u00e1 tu turno<\/strong><br data-start=\"652\" data-end=\"655\" \/>Por tel\u00e9fono, WhatsApp o desde el BOT de WhatsApp. Para algunos estudios no se requiere turno previo.<\/p><\/li><li class=\"\" data-start=\"749\" data-end=\"886\"><p class=\"\" data-start=\"752\" data-end=\"886\"><strong data-start=\"752\" data-end=\"783\">Presentate el d\u00eda del turno<\/strong><br data-start=\"783\" data-end=\"786\" \/>Ingres\u00e1 por C\u00f3rdoba 748, R\u00edo Grande, Tierra del Fuego. Tra\u00e9 tu DNI y orden m\u00e9dica si corresponde.<\/p><\/li><li class=\"\" data-start=\"888\" data-end=\"1015\"><p class=\"\" data-start=\"891\" data-end=\"1015\"><strong data-start=\"891\" data-end=\"928\">Atenci\u00f3n r\u00e1pida y sin internaci\u00f3n<\/strong><br data-start=\"928\" data-end=\"931\" \/>Nuestro personal te guiar\u00e1. La mayor\u00eda de los estudios se hacen en pocos minutos.<\/p><\/li><li class=\"\" data-start=\"1017\" data-end=\"1135\"><p class=\"\" data-start=\"1020\" data-end=\"1135\"><strong data-start=\"1020\" data-end=\"1044\">Retiro de resultados<\/strong><br data-start=\"1044\" data-end=\"1047\" \/>Te indicaremos los tiempos de entrega. Algunos resultados se pueden consultar online.<\/p><\/li><\/ol><p class=\"\" data-start=\"310\" data-end=\"464\">\u00a0<\/p>\t\t\t\t\t\t\t\t<\/div>\n\t\t\t\t<\/div>\n\t\t\t\t\t<\/div>\n\t\t\t\t<\/div>\n\t\t<div class=\"elementor-element elementor-element-6caa812 e-flex e-con-boxed e-con e-parent\" data-id=\"6caa812\" data-element_type=\"container\" data-e-type=\"container\">\n\t\t\t\t\t<div class=\"e-con-inner\">\n\t\t\t\t<div class=\"elementor-element elementor-element-d7ebf8a elementor-arrows-position-inside elementor-pagination-position-outside elementor-widget elementor-widget-image-carousel\" data-id=\"d7ebf8a\" data-element_type=\"widget\" data-e-type=\"widget\" data-settings=\"{&quot;slides_to_show&quot;:&quot;3&quot;,&quot;image_spacing_custom&quot;:{&quot;unit&quot;:&quot;px&quot;,&quot;size&quot;:3,&quot;sizes&quot;:[]},&quot;navigation&quot;:&quot;both&quot;,&quot;autoplay&quot;:&quot;yes&quot;,&quot;pause_on_hover&quot;:&quot;yes&quot;,&quot;pause_on_interaction&quot;:&quot;yes&quot;,&quot;autoplay_speed&quot;:5000,&quot;infinite&quot;:&quot;yes&quot;,&quot;speed&quot;:500,&quot;image_spacing_custom_tablet&quot;:{&quot;unit&quot;:&quot;px&quot;,&quot;size&quot;:&quot;&quot;,&quot;sizes&quot;:[]},&quot;image_spacing_custom_mobile&quot;:{&quot;unit&quot;:&quot;px&quot;,&quot;size&quot;:&quot;&quot;,&quot;sizes&quot;:[]}}\" data-widget_type=\"image-carousel.default\">\n\t\t\t\t<div class=\"elementor-widget-container\">\n\t\t\t\t\t\t\t<div class=\"elementor-image-carousel-wrapper swiper\" role=\"region\" aria-roledescription=\"carousel\" aria-label=\"Carrusel de im\u00e1genes\" dir=\"ltr\">\n\t\t\t<div class=\"elementor-image-carousel swiper-wrapper\" aria-live=\"off\">\n\t\t\t\t\t\t\t\t<div class=\"swiper-slide\" role=\"group\" aria-roledescription=\"slide\" aria-label=\"1 of 4\"><figure class=\"swiper-slide-inner\"><img decoding=\"async\" class=\"swiper-slide-image\" src=\"https:\/\/sanatoriofueguino.com\/clinica\/wp-content\/uploads\/2025\/04\/IMG_20241031_105619-1542x2048.jpg\" alt=\"IMG_20241031_105619\" \/><\/figure><\/div><div class=\"swiper-slide\" role=\"group\" aria-roledescription=\"slide\" aria-label=\"2 of 4\"><figure class=\"swiper-slide-inner\"><img decoding=\"async\" class=\"swiper-slide-image\" src=\"https:\/\/sanatoriofueguino.com\/clinica\/wp-content\/uploads\/2025\/04\/IMG_20241031_105909-1542x2048.jpg\" alt=\"IMG_20241031_105909\" \/><\/figure><\/div><div class=\"swiper-slide\" role=\"group\" aria-roledescription=\"slide\" aria-label=\"3 of 4\"><figure class=\"swiper-slide-inner\"><img decoding=\"async\" class=\"swiper-slide-image\" src=\"https:\/\/sanatoriofueguino.com\/clinica\/wp-content\/uploads\/2025\/04\/IMG_20241031_110413-1542x2048.jpg\" alt=\"IMG_20241031_110413\" \/><\/figure><\/div><div class=\"swiper-slide\" role=\"group\" aria-roledescription=\"slide\" aria-label=\"4 of 4\"><figure class=\"swiper-slide-inner\"><img decoding=\"async\" class=\"swiper-slide-image\" src=\"https:\/\/sanatoriofueguino.com\/clinica\/wp-content\/uploads\/2025\/04\/IMG_20241031_112450-1542x2048.jpg\" alt=\"IMG_20241031_112450\" \/><\/figure><\/div>\t\t\t<\/div>\n\t\t\t\t\t\t\t\t\t\t\t\t<div class=\"elementor-swiper-button elementor-swiper-button-prev\" role=\"button\" tabindex=\"0\">\n\t\t\t\t\t\t<svg aria-hidden=\"true\" class=\"e-font-icon-svg e-eicon-chevron-left\" viewBox=\"0 0 1000 1000\" xmlns=\"http:\/\/www.w3.org\/2000\/svg\"><path d=\"M646 125C629 125 613 133 604 142L308 442C296 454 292 471 292 487 292 504 296 521 308 533L604 854C617 867 629 875 646 875 663 875 679 871 692 858 704 846 713 829 713 812 713 796 708 779 692 767L438 487 692 225C700 217 708 204 708 187 708 171 704 154 692 142 675 129 663 125 646 125Z\"><\/path><\/svg>\t\t\t\t\t<\/div>\n\t\t\t\t\t<div class=\"elementor-swiper-button elementor-swiper-button-next\" role=\"button\" tabindex=\"0\">\n\t\t\t\t\t\t<svg aria-hidden=\"true\" class=\"e-font-icon-svg e-eicon-chevron-right\" viewBox=\"0 0 1000 1000\" xmlns=\"http:\/\/www.w3.org\/2000\/svg\"><path d=\"M696 533C708 521 713 504 713 487 713 471 708 454 696 446L400 146C388 133 375 125 354 125 338 125 325 129 313 142 300 154 292 171 292 187 292 204 296 221 308 233L563 492 304 771C292 783 288 800 288 817 288 833 296 850 308 863 321 871 338 875 354 875 371 875 388 867 400 854L696 533Z\"><\/path><\/svg>\t\t\t\t\t<\/div>\n\t\t\t\t\n\t\t\t\t\t\t\t\t\t<div class=\"swiper-pagination\"><\/div>\n\t\t\t\t\t\t\t\t\t<\/div>\n\t\t\t\t\t\t<\/div>\n\t\t\t\t<\/div>\n\t\t\t\t\t<\/div>\n\t\t\t\t<\/div>\n\t\t\t\t<\/div>\n\t\t","protected":false},"excerpt":{"rendered":"","protected":false},"author":1,"featured_media":0,"parent":0,"menu_order":0,"comment_status":"closed","ping_status":"closed","template":"","meta":{"_joinchat":[],"footnotes":""},"class_list":["post-548","page","type-page","status-publish","hentry"],"_links":{"self":[{"href":"https:\/\/sanatoriofueguino.com\/clinica\/wp-json\/wp\/v2\/pages\/548","targetHints":{"allow":["GET"]}}],"collection":[{"href":"https:\/\/sanatoriofueguino.com\/clinica\/wp-json\/wp\/v2\/pages"}],"about":[{"href":"https:\/\/sanatoriofueguino.com\/clinica\/wp-json\/wp\/v2\/types\/page"}],"author":[{"embeddable":true,"href":"https:\/\/sanatoriofueguino.com\/clinica\/wp-json\/wp\/v2\/users\/1"}],"replies":[{"embeddable":true,"href":"https:\/\/sanatoriofueguino.com\/clinica\/wp-json\/wp\/v2\/comments?post=548"}],"version-history":[{"count":13,"href":"https:\/\/sanatoriofueguino.com\/clinica\/wp-json\/wp\/v2\/pages\/548\/revisions"}],"predecessor-version":[{"id":623,"href":"https:\/\/sanatoriofueguino.com\/clinica\/wp-json\/wp\/v2\/pages\/548\/revisions\/623"}],"wp:attachment":[{"href":"https:\/\/sanatoriofueguino.com\/clinica\/wp-json\/wp\/v2\/media?parent=548"}],"curies":[{"name":"wp","href":"https:\/\/api.w.org\/{rel}","templated":true}]}}