{"id":24,"date":"2024-05-09T14:08:04","date_gmt":"2024-05-09T14:08:04","guid":{"rendered":"https:\/\/sanatoriofueguino.com\/clinica\/blog\/"},"modified":"2025-01-10T19:17:30","modified_gmt":"2025-01-10T19:17:30","slug":"blog","status":"publish","type":"page","link":"https:\/\/sanatoriofueguino.com\/clinica\/blog\/","title":{"rendered":"Sobre Nosotros"},"content":{"rendered":"\t\t<div data-elementor-type=\"wp-page\" data-elementor-id=\"24\" class=\"elementor elementor-24\" data-elementor-post-type=\"page\">\n\t\t\t\t<div class=\"elementor-element elementor-element-91cfad3 e-flex e-con-boxed e-con e-parent\" data-id=\"91cfad3\" data-element_type=\"container\" data-e-type=\"container\">\n\t\t\t\t\t<div class=\"e-con-inner\">\n\t\t\t\t<div class=\"elementor-element elementor-element-2f80c36 elementor-widget elementor-widget-heading\" data-id=\"2f80c36\" data-element_type=\"widget\" data-e-type=\"widget\" data-widget_type=\"heading.default\">\n\t\t\t\t<div class=\"elementor-widget-container\">\n\t\t\t\t\t<h2 class=\"elementor-heading-title elementor-size-default\">La UOM inaugura un centro m\u00e9dico de \u00faltima generaci\u00f3n con la presencia de Antonio Cal\u00f3<br><\/h2>\t\t\t\t<\/div>\n\t\t\t\t<\/div>\n\t\t\t\t\t<\/div>\n\t\t\t\t<\/div>\n\t\t<div class=\"elementor-element elementor-element-b4eb7ab e-flex e-con-boxed e-con e-parent\" data-id=\"b4eb7ab\" data-element_type=\"container\" data-e-type=\"container\">\n\t\t\t\t\t<div class=\"e-con-inner\">\n\t\t\t\t<div class=\"elementor-element elementor-element-fe9cce1 elementor-widget elementor-widget-text-editor\" data-id=\"fe9cce1\" data-element_type=\"widget\" data-e-type=\"widget\" data-widget_type=\"text-editor.default\">\n\t\t\t\t<div class=\"elementor-widget-container\">\n\t\t\t\t\t\t\t\t\t<p>\u00a0<\/p><p>El 30 de agosto de 2012, la Uni\u00f3n Obrera Metal\u00fargica (UOM) celebr\u00f3 la apertura de su nuevo centro m\u00e9dico, denominado \u2018Sanatorio Fueguino &#8211; Obra del Bicentenario\u2019. Esta moderna instalaci\u00f3n, situada en el barrio Mutual, representa un importante logro para el gremio y la comunidad local.<\/p><figure><\/figure>\t\t\t\t\t\t\t\t<\/div>\n\t\t\t\t<\/div>\n\t\t\t\t\t<\/div>\n\t\t\t\t<\/div>\n\t\t<div class=\"elementor-element elementor-element-ab2172b e-con-full e-flex e-con e-parent\" data-id=\"ab2172b\" data-element_type=\"container\" data-e-type=\"container\">\n\t\t\t\t<div class=\"elementor-element elementor-element-948cc60 elementor-arrows-position-outside elementor-pagination-position-outside elementor-widget elementor-widget-image-carousel\" data-id=\"948cc60\" data-element_type=\"widget\" data-e-type=\"widget\" data-settings=\"{&quot;slides_to_show&quot;:&quot;1&quot;,&quot;navigation&quot;:&quot;both&quot;,&quot;autoplay&quot;:&quot;yes&quot;,&quot;pause_on_hover&quot;:&quot;yes&quot;,&quot;pause_on_interaction&quot;:&quot;yes&quot;,&quot;autoplay_speed&quot;:5000,&quot;infinite&quot;:&quot;yes&quot;,&quot;effect&quot;:&quot;slide&quot;,&quot;speed&quot;:500}\" data-widget_type=\"image-carousel.default\">\n\t\t\t\t<div class=\"elementor-widget-container\">\n\t\t\t\t\t\t\t<div class=\"elementor-image-carousel-wrapper swiper\" role=\"region\" aria-roledescription=\"carousel\" aria-label=\"Carrusel de im\u00e1genes\" dir=\"ltr\">\n\t\t\t<div class=\"elementor-image-carousel swiper-wrapper\" aria-live=\"off\">\n\t\t\t\t\t\t\t\t<div class=\"swiper-slide\" role=\"group\" aria-roledescription=\"slide\" aria-label=\"1 of 7\"><figure class=\"swiper-slide-inner\"><img decoding=\"async\" class=\"swiper-slide-image\" src=\"https:\/\/sanatoriofueguino.com\/clinica\/wp-content\/uploads\/2025\/01\/final-6-1536x1021.jpg\" alt=\"final (6)\" \/><\/figure><\/div><div class=\"swiper-slide\" role=\"group\" aria-roledescription=\"slide\" aria-label=\"2 of 7\"><figure class=\"swiper-slide-inner\"><img decoding=\"async\" class=\"swiper-slide-image\" src=\"https:\/\/sanatoriofueguino.com\/clinica\/wp-content\/uploads\/2025\/01\/final-7-1536x1021.jpg\" alt=\"final (7)\" \/><\/figure><\/div><div class=\"swiper-slide\" role=\"group\" aria-roledescription=\"slide\" aria-label=\"3 of 7\"><figure class=\"swiper-slide-inner\"><img decoding=\"async\" class=\"swiper-slide-image\" src=\"https:\/\/sanatoriofueguino.com\/clinica\/wp-content\/uploads\/2025\/01\/final-8-1536x1021.jpg\" alt=\"final (8)\" \/><\/figure><\/div><div class=\"swiper-slide\" role=\"group\" aria-roledescription=\"slide\" aria-label=\"4 of 7\"><figure class=\"swiper-slide-inner\"><img decoding=\"async\" class=\"swiper-slide-image\" src=\"https:\/\/sanatoriofueguino.com\/clinica\/wp-content\/uploads\/2025\/01\/final-104-1536x1021.jpg\" alt=\"final (104)\" \/><\/figure><\/div><div class=\"swiper-slide\" role=\"group\" aria-roledescription=\"slide\" aria-label=\"5 of 7\"><figure class=\"swiper-slide-inner\"><img decoding=\"async\" class=\"swiper-slide-image\" src=\"https:\/\/sanatoriofueguino.com\/clinica\/wp-content\/uploads\/2025\/01\/final-105-1536x1021.jpg\" alt=\"final (105)\" \/><\/figure><\/div><div class=\"swiper-slide\" role=\"group\" aria-roledescription=\"slide\" aria-label=\"6 of 7\"><figure class=\"swiper-slide-inner\"><img decoding=\"async\" class=\"swiper-slide-image\" src=\"https:\/\/sanatoriofueguino.com\/clinica\/wp-content\/uploads\/2025\/01\/final-106-1536x1021.jpg\" alt=\"final (106)\" \/><\/figure><\/div><div class=\"swiper-slide\" role=\"group\" aria-roledescription=\"slide\" aria-label=\"7 of 7\"><figure class=\"swiper-slide-inner\"><img decoding=\"async\" class=\"swiper-slide-image\" src=\"https:\/\/sanatoriofueguino.com\/clinica\/wp-content\/uploads\/2025\/01\/final-107-1536x1021.jpg\" alt=\"final (107)\" \/><\/figure><\/div>\t\t\t<\/div>\n\t\t\t\t\t\t\t\t\t\t\t\t<div class=\"elementor-swiper-button elementor-swiper-button-prev\" role=\"button\" tabindex=\"0\">\n\t\t\t\t\t\t<svg aria-hidden=\"true\" class=\"e-font-icon-svg e-eicon-chevron-left\" viewBox=\"0 0 1000 1000\" xmlns=\"http:\/\/www.w3.org\/2000\/svg\"><path d=\"M646 125C629 125 613 133 604 142L308 442C296 454 292 471 292 487 292 504 296 521 308 533L604 854C617 867 629 875 646 875 663 875 679 871 692 858 704 846 713 829 713 812 713 796 708 779 692 767L438 487 692 225C700 217 708 204 708 187 708 171 704 154 692 142 675 129 663 125 646 125Z\"><\/path><\/svg>\t\t\t\t\t<\/div>\n\t\t\t\t\t<div class=\"elementor-swiper-button elementor-swiper-button-next\" role=\"button\" tabindex=\"0\">\n\t\t\t\t\t\t<svg aria-hidden=\"true\" class=\"e-font-icon-svg e-eicon-chevron-right\" viewBox=\"0 0 1000 1000\" xmlns=\"http:\/\/www.w3.org\/2000\/svg\"><path d=\"M696 533C708 521 713 504 713 487 713 471 708 454 696 446L400 146C388 133 375 125 354 125 338 125 325 129 313 142 300 154 292 171 292 187 292 204 296 221 308 233L563 492 304 771C292 783 288 800 288 817 288 833 296 850 308 863 321 871 338 875 354 875 371 875 388 867 400 854L696 533Z\"><\/path><\/svg>\t\t\t\t\t<\/div>\n\t\t\t\t\n\t\t\t\t\t\t\t\t\t<div class=\"swiper-pagination\"><\/div>\n\t\t\t\t\t\t\t\t\t<\/div>\n\t\t\t\t\t\t<\/div>\n\t\t\t\t<\/div>\n\t\t\t\t<\/div>\n\t\t<div class=\"elementor-element elementor-element-09f6950 e-flex e-con-boxed e-con e-parent\" data-id=\"09f6950\" data-element_type=\"container\" data-e-type=\"container\">\n\t\t\t\t\t<div class=\"e-con-inner\">\n\t\t\t\t<div class=\"elementor-element elementor-element-233a260 elementor-widget elementor-widget-text-editor\" data-id=\"233a260\" data-element_type=\"widget\" data-e-type=\"widget\" data-widget_type=\"text-editor.default\">\n\t\t\t\t<div class=\"elementor-widget-container\">\n\t\t\t\t\t\t\t\t\t<p>La Uni\u00f3n Obrera Metal\u00fargica (UOM) celebr\u00f3 la inauguraci\u00f3n de un centro m\u00e9dico propio, denominado \u2018Sanatorio Fueguino &#8211; Obra del Bicentenario\u2019. Este moderno edificio, ubicado en el barrio Mutual, cuenta con casi 3.000 metros cuadrados equipados con tecnolog\u00eda avanzada para brindar atenci\u00f3n de calidad tanto a sus afiliados como a la comunidad en general.<\/p><p><span style=\"color: var( --e-global-color-text ); font-family: var( --e-global-typography-text-font-family ), Sans-serif; font-weight: var( --e-global-typography-text-font-weight ); text-align: var(--text-align); background-color: var(--dt-whi-color); font-size: 1.6rem; letter-spacing: 0.01em;\">El acto oficial tuvo lugar en una jornada primaveral y cont\u00f3 con la participaci\u00f3n de diversas autoridades. Entre los presentes estuvieron Oscar Mart\u00ednez, secretario general de la UOM R\u00edo Grande, junto con Antonio Cal\u00f3, l\u00edder nacional del gremio metal\u00fargico, y otras figuras destacadas como Naldo Brunelli, el legislador H\u00e9ctor Tapia y el intendente Gustavo Melella.<\/span><\/p><p>El evento tambi\u00e9n reuni\u00f3 a representantes del \u00e1mbito pol\u00edtico, gremial y social, incluidos la diputada Rosana Bertone, la legisladora Myriam Mart\u00ednez y varios concejales de R\u00edo Grande. Asimismo, asistieron miembros de asociaciones intermedias, fuerzas de seguridad, personal sanitario y trabajadores metal\u00fargicos que acompa\u00f1aron este importante momento para la regi\u00f3n.<\/p><p><strong>Ceremonia Inagural<\/strong><\/p><p>La jornada inici\u00f3 con un simb\u00f3lico corte de cintas en la entrada principal. Luego, los invitados realizaron un recorrido por las instalaciones, donde se destacaron los consultorios, equipos de \u00faltima generaci\u00f3n y \u00e1reas principales del sanatorio. En el interior del edificio, se rindi\u00f3 homenaje a la advocaci\u00f3n de la Virgen del Rosario de San Nicol\u00e1s, a quien los trabajadores dedicaron esta obra.<\/p><p>Durante el acto central, que tuvo lugar en el gimnasio principal, se llevaron a cabo entregas de placas conmemorativas a Oscar Mart\u00ednez, l\u00edder local de la UOM, como reconocimiento por el esfuerzo realizado. Las placas fueron entregadas por representantes de distintos sectores, incluyendo el Grupo APEX, el Sindicato del Petr\u00f3leo y Gas Privados y el Concejo Deliberante, as\u00ed como por el intendente Gustavo Melella en nombre de la ciudad.<\/p><p><strong>Palabras de los protagonistas<\/strong><\/p><p>En los discursos, los representantes de la UOM destacaron que la construcci\u00f3n de este sanatorio fue posible gracias al aporte de los trabajadores metal\u00fargicos, con el respaldo de las empresas del sector mediante un compromiso de responsabilidad social empresaria. Este esfuerzo colectivo convierte al sanatorio en un s\u00edmbolo de progreso para la comunidad.<\/p><p>El doctor Gustavo Di Rienzo, responsable del Centro de Im\u00e1genes, tambi\u00e9n destac\u00f3 la importancia de las nuevas instalaciones. Por su parte, el intendente Gustavo Melella se\u00f1al\u00f3 que este sanatorio es &#8220;el mejor centro de salud de Tierra del Fuego&#8221;, mientras que Oscar Mart\u00ednez valor\u00f3 el esfuerzo colectivo detr\u00e1s del proyecto. Finalmente, Antonio Cal\u00f3 expres\u00f3 su satisfacci\u00f3n, subrayando que este centro representa un modelo a seguir y un avance significativo en el \u00e1mbito de la salud en la regi\u00f3n.<\/p>\t\t\t\t\t\t\t\t<\/div>\n\t\t\t\t<\/div>\n\t\t\t\t\t<\/div>\n\t\t\t\t<\/div>\n\t\t<div class=\"elementor-element elementor-element-9f081e7 e-flex e-con-boxed e-con e-parent\" data-id=\"9f081e7\" data-element_type=\"container\" data-e-type=\"container\">\n\t\t\t\t\t<div class=\"e-con-inner\">\n\t\t\t\t<div class=\"elementor-element elementor-element-45bbadc elementor-widget-divider--view-line elementor-widget elementor-widget-divider\" data-id=\"45bbadc\" data-element_type=\"widget\" data-e-type=\"widget\" data-widget_type=\"divider.default\">\n\t\t\t\t<div class=\"elementor-widget-container\">\n\t\t\t\t\t\t\t<div class=\"elementor-divider\">\n\t\t\t<span class=\"elementor-divider-separator\">\n\t\t\t\t\t\t<\/span>\n\t\t<\/div>\n\t\t\t\t\t\t<\/div>\n\t\t\t\t<\/div>\n\t\t\t\t\t<\/div>\n\t\t\t\t<\/div>\n\t\t<div class=\"elementor-element elementor-element-a2b9868 e-flex e-con-boxed e-con e-parent\" data-id=\"a2b9868\" data-element_type=\"container\" data-e-type=\"container\">\n\t\t\t\t\t<div class=\"e-con-inner\">\n\t\t\t\t<div class=\"elementor-element elementor-element-800db61 elementor-widget elementor-widget-video\" data-id=\"800db61\" data-element_type=\"widget\" data-e-type=\"widget\" data-settings=\"{&quot;youtube_url&quot;:&quot;https:\\\/\\\/youtu.be\\\/JdZ5CaqE49w&quot;,&quot;video_type&quot;:&quot;youtube&quot;,&quot;controls&quot;:&quot;yes&quot;}\" data-widget_type=\"video.default\">\n\t\t\t\t<div class=\"elementor-widget-container\">\n\t\t\t\t\t\t\t<div class=\"elementor-wrapper elementor-open-inline\">\n\t\t\t<div class=\"elementor-video\"><\/div>\t\t<\/div>\n\t\t\t\t\t\t<\/div>\n\t\t\t\t<\/div>\n\t\t\t\t\t<\/div>\n\t\t\t\t<\/div>\n\t\t\t\t<\/div>\n\t\t","protected":false},"excerpt":{"rendered":"<p>La UOM inaugura un centro m\u00e9dico de \u00faltima generaci\u00f3n con la presencia de Antonio Cal\u00f3 \u00a0 El 30 de agosto de 2012, la Uni\u00f3n Obrera Metal\u00fargica (UOM) celebr\u00f3 la apertura de su nuevo centro m\u00e9dico, denominado \u2018Sanatorio Fueguino &#8211; Obra del Bicentenario\u2019. Esta moderna instalaci\u00f3n, situada en el barrio Mutual, representa un importante logro para&#8230;<\/p>\n","protected":false},"author":1,"featured_media":0,"parent":0,"menu_order":0,"comment_status":"closed","ping_status":"closed","template":"","meta":{"_joinchat":[],"footnotes":""},"class_list":["post-24","page","type-page","status-publish","hentry"],"_links":{"self":[{"href":"https:\/\/sanatoriofueguino.com\/clinica\/wp-json\/wp\/v2\/pages\/24","targetHints":{"allow":["GET"]}}],"collection":[{"href":"https:\/\/sanatoriofueguino.com\/clinica\/wp-json\/wp\/v2\/pages"}],"about":[{"href":"https:\/\/sanatoriofueguino.com\/clinica\/wp-json\/wp\/v2\/types\/page"}],"author":[{"embeddable":true,"href":"https:\/\/sanatoriofueguino.com\/clinica\/wp-json\/wp\/v2\/users\/1"}],"replies":[{"embeddable":true,"href":"https:\/\/sanatoriofueguino.com\/clinica\/wp-json\/wp\/v2\/comments?post=24"}],"version-history":[{"count":31,"href":"https:\/\/sanatoriofueguino.com\/clinica\/wp-json\/wp\/v2\/pages\/24\/revisions"}],"predecessor-version":[{"id":258,"href":"https:\/\/sanatoriofueguino.com\/clinica\/wp-json\/wp\/v2\/pages\/24\/revisions\/258"}],"wp:attachment":[{"href":"https:\/\/sanatoriofueguino.com\/clinica\/wp-json\/wp\/v2\/media?parent=24"}],"curies":[{"name":"wp","href":"https:\/\/api.w.org\/{rel}","templated":true}]}}